{"id":1176,"date":"2024-01-09T08:06:01","date_gmt":"2024-01-09T07:06:01","guid":{"rendered":"https:\/\/taxipererovira.com\/?page_id=1176"},"modified":"2024-03-07T08:34:57","modified_gmt":"2024-03-07T07:34:57","slug":"vehicule-avec-5-places","status":"publish","type":"page","link":"https:\/\/taxipererovira.com\/fr\/vehicule-avec-5-places\/","title":{"rendered":"V\u00c9HICULE AVEC 5 PLACES"},"content":{"rendered":"\t\t<div data-elementor-type=\"wp-page\" data-elementor-id=\"1176\" class=\"elementor elementor-1176 elementor-175\" data-elementor-post-type=\"page\">\n\t\t\t\t<div class=\"elementor-element elementor-element-35d52562 e-flex e-con-boxed e-con e-parent\" data-id=\"35d52562\" data-element_type=\"container\" data-e-type=\"container\" data-settings=\"{&quot;background_background&quot;:&quot;classic&quot;}\">\n\t\t\t\t\t<div class=\"e-con-inner\">\n\t\t\t\t<div class=\"elementor-element elementor-element-24a0b1c4 elementor-invisible elementor-widget elementor-widget-heading\" data-id=\"24a0b1c4\" data-element_type=\"widget\" data-e-type=\"widget\" data-settings=\"{&quot;_animation&quot;:&quot;fadeIn&quot;}\" data-widget_type=\"heading.default\">\n\t\t\t\t<div class=\"elementor-widget-container\">\n\t\t\t\t\t<h1 class=\"elementor-heading-title elementor-size-default\">NOTRE TAXI<\/h1>\t\t\t\t<\/div>\n\t\t\t\t<\/div>\n\t\t\t\t<div class=\"elementor-element elementor-element-8ee9d2 elementor-fixed animated-slow elementor-hidden-mobile elementor-view-default elementor-invisible elementor-widget elementor-widget-icon\" data-id=\"8ee9d2\" data-element_type=\"widget\" data-e-type=\"widget\" data-settings=\"{&quot;_position&quot;:&quot;fixed&quot;,&quot;_animation&quot;:&quot;fadeIn&quot;,&quot;_animation_delay&quot;:1800}\" data-widget_type=\"icon.default\">\n\t\t\t\t<div class=\"elementor-widget-container\">\n\t\t\t\t\t\t\t<div class=\"elementor-icon-wrapper\">\n\t\t\t<a class=\"elementor-icon elementor-animation-grow\" href=\"#elementor-action%3Aaction%3Dpopup%3Aopen%26settings%3DeyJpZCI6MzIsInRvZ2dsZSI6ZmFsc2V9\">\n\t\t\t\t\t\t<\/a>\n\t\t<\/div>\n\t\t\t\t\t\t<\/div>\n\t\t\t\t<\/div>\n\t\t\t\t\t<\/div>\n\t\t\t\t<\/div>\n\t\t<div class=\"elementor-element elementor-element-4efbfe5 e-flex e-con-boxed e-con e-parent\" data-id=\"4efbfe5\" data-element_type=\"container\" data-e-type=\"container\">\n\t\t\t\t\t<div class=\"e-con-inner\">\n\t\t<div class=\"elementor-element elementor-element-84d1868 e-con-full e-flex e-con e-child\" data-id=\"84d1868\" data-element_type=\"container\" data-e-type=\"container\">\n\t\t\t\t<div class=\"elementor-element elementor-element-e86397f elementor-widget elementor-widget-heading\" data-id=\"e86397f\" data-element_type=\"widget\" data-e-type=\"widget\" data-widget_type=\"heading.default\">\n\t\t\t\t<div class=\"elementor-widget-container\">\n\t\t\t\t\t<h2 class=\"elementor-heading-title elementor-size-default\">AMPLITUDE, CONFORT, ESPACE ET CONFORT<\/h2>\t\t\t\t<\/div>\n\t\t\t\t<\/div>\n\t\t\t\t<div class=\"elementor-element elementor-element-6d37af93 elementor-widget elementor-widget-text-editor\" data-id=\"6d37af93\" data-element_type=\"widget\" data-e-type=\"widget\" data-widget_type=\"text-editor.default\">\n\t\t\t\t<div class=\"elementor-widget-container\">\n\t\t\t\t\t\t\t\t\t<p>Notre v\u00e9hicule se distingue par son espace int\u00e9rieur qui offre un maximum de commodit\u00e9 et de confort au client.<\/p>\n\t\t\t\t\t\t\t\t<\/div>\n\t\t\t\t<\/div>\n\t\t\t\t<\/div>\n\t\t<div class=\"elementor-element elementor-element-c487621 e-con-full e-flex e-con e-child\" data-id=\"c487621\" data-element_type=\"container\" data-e-type=\"container\">\n\t\t\t\t<div class=\"elementor-element elementor-element-5dbfe8a elementor-widget elementor-widget-image\" data-id=\"5dbfe8a\" data-element_type=\"widget\" data-e-type=\"widget\" data-widget_type=\"image.default\">\n\t\t\t\t<div class=\"elementor-widget-container\">\n\t\t\t\t\t\t\t\t\t\t\t\t\t\t\t<img fetchpriority=\"high\" decoding=\"async\" width=\"743\" height=\"495\" src=\"https:\/\/taxipererovira.com\/wp-content\/uploads\/2024\/01\/taxi-pere-rovira.jpeg\" class=\"attachment-large size-large wp-image-705\" alt=\"\" srcset=\"https:\/\/taxipererovira.com\/wp-content\/uploads\/2024\/01\/taxi-pere-rovira.jpeg 743w, https:\/\/taxipererovira.com\/wp-content\/uploads\/2024\/01\/taxi-pere-rovira-300x200.jpeg 300w\" sizes=\"(max-width: 743px) 100vw, 743px\" \/>\t\t\t\t\t\t\t\t\t\t\t\t\t\t\t<\/div>\n\t\t\t\t<\/div>\n\t\t\t\t<\/div>\n\t\t\t\t\t<\/div>\n\t\t\t\t<\/div>\n\t\t<div class=\"elementor-element elementor-element-244ce0a e-flex e-con-boxed e-con e-parent\" data-id=\"244ce0a\" data-element_type=\"container\" data-e-type=\"container\" data-settings=\"{&quot;background_background&quot;:&quot;classic&quot;}\">\n\t\t\t\t\t<div class=\"e-con-inner\">\n\t\t<div class=\"elementor-element elementor-element-b6da773 e-con-full e-flex e-con e-child\" data-id=\"b6da773\" data-element_type=\"container\" data-e-type=\"container\">\n\t\t\t\t<div class=\"elementor-element elementor-element-66c5ea7 elementor-widget elementor-widget-image\" data-id=\"66c5ea7\" data-element_type=\"widget\" data-e-type=\"widget\" data-widget_type=\"image.default\">\n\t\t\t\t<div class=\"elementor-widget-container\">\n\t\t\t\t\t\t\t\t\t\t\t\t\t\t\t<img fetchpriority=\"high\" decoding=\"async\" width=\"743\" height=\"495\" src=\"https:\/\/taxipererovira.com\/wp-content\/uploads\/2024\/01\/taxi-pere-rovira.jpeg\" class=\"attachment-large size-large wp-image-705\" alt=\"\" srcset=\"https:\/\/taxipererovira.com\/wp-content\/uploads\/2024\/01\/taxi-pere-rovira.jpeg 743w, https:\/\/taxipererovira.com\/wp-content\/uploads\/2024\/01\/taxi-pere-rovira-300x200.jpeg 300w\" sizes=\"(max-width: 743px) 100vw, 743px\" \/>\t\t\t\t\t\t\t\t\t\t\t\t\t\t\t<\/div>\n\t\t\t\t<\/div>\n\t\t\t\t<\/div>\n\t\t<div class=\"elementor-element elementor-element-d00cd45 e-con-full e-flex e-con e-child\" data-id=\"d00cd45\" data-element_type=\"container\" data-e-type=\"container\">\n\t\t\t\t<div class=\"elementor-element elementor-element-842ff02 elementor-widget elementor-widget-heading\" data-id=\"842ff02\" data-element_type=\"widget\" data-e-type=\"widget\" data-widget_type=\"heading.default\">\n\t\t\t\t<div class=\"elementor-widget-container\">\n\t\t\t\t\t<h2 class=\"elementor-heading-title elementor-size-default\">\u00c9L\u00c9GANCE ET GRANDE CAPACIT\u00c9 DE BAGAGES<\/h2>\t\t\t\t<\/div>\n\t\t\t\t<\/div>\n\t\t\t\t<\/div>\n\t\t\t\t\t<\/div>\n\t\t\t\t<\/div>\n\t\t\t\t<\/div>\n\t\t","protected":false},"excerpt":{"rendered":"<p>NOTRE TAXI AMPLITUDE, CONFORT, ESPACE ET CONFORT Notre v\u00e9hicule se distingue par son espace int\u00e9rieur qui offre un maximum de commodit\u00e9 et de confort au client. \u00c9L\u00c9GANCE ET GRANDE CAPACIT\u00c9 DE BAGAGES<\/p>\n","protected":false},"author":1,"featured_media":0,"parent":0,"menu_order":0,"comment_status":"closed","ping_status":"closed","template":"elementor_header_footer","meta":{"footnotes":""},"class_list":["post-1176","page","type-page","status-publish","hentry"],"_links":{"self":[{"href":"https:\/\/taxipererovira.com\/fr\/wp-json\/wp\/v2\/pages\/1176","targetHints":{"allow":["GET"]}}],"collection":[{"href":"https:\/\/taxipererovira.com\/fr\/wp-json\/wp\/v2\/pages"}],"about":[{"href":"https:\/\/taxipererovira.com\/fr\/wp-json\/wp\/v2\/types\/page"}],"author":[{"embeddable":true,"href":"https:\/\/taxipererovira.com\/fr\/wp-json\/wp\/v2\/users\/1"}],"replies":[{"embeddable":true,"href":"https:\/\/taxipererovira.com\/fr\/wp-json\/wp\/v2\/comments?post=1176"}],"version-history":[{"count":1,"href":"https:\/\/taxipererovira.com\/fr\/wp-json\/wp\/v2\/pages\/1176\/revisions"}],"predecessor-version":[{"id":1182,"href":"https:\/\/taxipererovira.com\/fr\/wp-json\/wp\/v2\/pages\/1176\/revisions\/1182"}],"wp:attachment":[{"href":"https:\/\/taxipererovira.com\/fr\/wp-json\/wp\/v2\/media?parent=1176"}],"curies":[{"name":"wp","href":"https:\/\/api.w.org\/{rel}","templated":true}]}}