{"id":1188,"date":"2024-01-09T17:40:29","date_gmt":"2024-01-09T16:40:29","guid":{"rendered":"https:\/\/taxipererovira.com\/?page_id=1188"},"modified":"2024-03-07T08:34:58","modified_gmt":"2024-03-07T07:34:58","slug":"taxi","status":"publish","type":"page","link":"https:\/\/taxipererovira.com\/fr\/taxi\/","title":{"rendered":"Taxi"},"content":{"rendered":"\t\t<div data-elementor-type=\"wp-page\" data-elementor-id=\"1188\" class=\"elementor elementor-1188 elementor-233\" data-elementor-post-type=\"page\">\n\t\t\t\t<div class=\"elementor-element elementor-element-35d52562 e-flex e-con-boxed e-con e-parent\" data-id=\"35d52562\" data-element_type=\"container\" data-e-type=\"container\" data-settings=\"{&quot;background_background&quot;:&quot;classic&quot;}\">\n\t\t\t\t\t<div class=\"e-con-inner\">\n\t\t\t\t<div class=\"elementor-element elementor-element-24a0b1c4 elementor-widget__width-inherit elementor-invisible elementor-widget elementor-widget-heading\" data-id=\"24a0b1c4\" data-element_type=\"widget\" data-e-type=\"widget\" data-settings=\"{&quot;_animation&quot;:&quot;fadeIn&quot;}\" data-widget_type=\"heading.default\">\n\t\t\t\t<div class=\"elementor-widget-container\">\n\t\t\t\t\t<h1 class=\"elementor-heading-title elementor-size-default\">Taxi \u00e0 Vilanova<\/h1>\t\t\t\t<\/div>\n\t\t\t\t<\/div>\n\t\t\t\t<div class=\"elementor-element elementor-element-8ee9d2 elementor-fixed animated-slow elementor-hidden-mobile elementor-view-default elementor-invisible elementor-widget elementor-widget-icon\" data-id=\"8ee9d2\" data-element_type=\"widget\" data-e-type=\"widget\" data-settings=\"{&quot;_position&quot;:&quot;fixed&quot;,&quot;_animation&quot;:&quot;fadeIn&quot;,&quot;_animation_delay&quot;:1800}\" data-widget_type=\"icon.default\">\n\t\t\t\t<div class=\"elementor-widget-container\">\n\t\t\t\t\t\t\t<div class=\"elementor-icon-wrapper\">\n\t\t\t<a class=\"elementor-icon elementor-animation-grow\" href=\"#elementor-action%3Aaction%3Dpopup%3Aopen%26settings%3DeyJpZCI6MzIsInRvZ2dsZSI6ZmFsc2V9\">\n\t\t\t\t\t\t<\/a>\n\t\t<\/div>\n\t\t\t\t\t\t<\/div>\n\t\t\t\t<\/div>\n\t\t\t\t\t<\/div>\n\t\t\t\t<\/div>\n\t\t<div class=\"elementor-element elementor-element-2571bb9 e-flex e-con-boxed e-con e-parent\" data-id=\"2571bb9\" data-element_type=\"container\" data-e-type=\"container\">\n\t\t\t\t\t<div class=\"e-con-inner\">\n\t\t<div class=\"elementor-element elementor-element-fd8df6c e-con-full e-flex e-con e-child\" data-id=\"fd8df6c\" data-element_type=\"container\" data-e-type=\"container\">\n\t\t\t\t<div class=\"elementor-element elementor-element-b9d5608 elementor-widget elementor-widget-heading\" data-id=\"b9d5608\" data-element_type=\"widget\" data-e-type=\"widget\" data-widget_type=\"heading.default\">\n\t\t\t\t<div class=\"elementor-widget-container\">\n\t\t\t\t\t<h3 class=\"elementor-heading-title elementor-size-default\">STATIONS OFFICIELLES DE TAXI \u00c0 VILANOVA<\/h3>\t\t\t\t<\/div>\n\t\t\t\t<\/div>\n\t\t\t\t<div class=\"elementor-element elementor-element-0efc05a elementor-widget elementor-widget-text-editor\" data-id=\"0efc05a\" data-element_type=\"widget\" data-e-type=\"widget\" data-widget_type=\"text-editor.default\">\n\t\t\t\t<div class=\"elementor-widget-container\">\n\t\t\t\t\t\t\t\t\t<p>Vous pouvez prendre un taxi aux arr\u00eats suivants :<\/p>\n<p><strong>Camping Vilanova Park<\/strong> : BV-2115, s\/n<\/p>\n<p><strong>Station<\/strong> : Pla\u00e7a d&rsquo;Eduard Maristany, s\/n<\/p>\n<p><strong>H\u00f4pital<\/strong> : Ronda Ib\u00e9rica, 123<\/p>\n<p><strong>H\u00f4pital &#8211; Plateforme Multiservice<\/strong> : Carrer de Sant Josep, 16-22<\/p>\n<p><strong>Tribunaux<\/strong> : Carrer de l&rsquo;Abat Escarr\u00e9, 2<\/p>\n<p><strong>Passeig del Carme<\/strong> : Rambla de Joan Baptista Pirelli, 98<\/p>\n<p><strong>Port<\/strong> : Digue du Ponent, s\/n<\/p>\n<p>T\u00e9l\u00e9phone de contact : 93 893 32 41<\/p>\n<p>Courriel : info@taximesvilanova.com<\/p>\n<p>Pour plus d&rsquo;informations <a href=\"https:\/\/taximesvilanova.com\/ca\/\" target=\"_self\" rel=\"noopener\">www.taximesvilanova.com<\/a><\/p>\n\t\t\t\t\t\t\t\t<\/div>\n\t\t\t\t<\/div>\n\t\t\t\t<\/div>\n\t\t<div class=\"elementor-element elementor-element-66fcd16 e-con-full e-flex e-con e-child\" data-id=\"66fcd16\" data-element_type=\"container\" data-e-type=\"container\">\n\t\t\t\t<\/div>\n\t\t\t\t\t<\/div>\n\t\t\t\t<\/div>\n\t\t<div class=\"elementor-element elementor-element-8e64cad e-flex e-con-boxed e-con e-parent\" data-id=\"8e64cad\" data-element_type=\"container\" data-e-type=\"container\" data-settings=\"{&quot;background_background&quot;:&quot;classic&quot;}\">\n\t\t\t\t\t<div class=\"e-con-inner\">\n\t\t\t\t<div class=\"elementor-element elementor-element-0b1be39 elementor-widget elementor-widget-heading\" data-id=\"0b1be39\" data-element_type=\"widget\" data-e-type=\"widget\" data-widget_type=\"heading.default\">\n\t\t\t\t<div class=\"elementor-widget-container\">\n\t\t\t\t\t<h3 class=\"elementor-heading-title elementor-size-default\">TARIFS OFFICIELS DE TAXI \u00c0 VILANOVA<\/h3>\t\t\t\t<\/div>\n\t\t\t\t<\/div>\n\t\t\t\t<div class=\"elementor-element elementor-element-6506534 elementor-widget elementor-widget-text-editor\" data-id=\"6506534\" data-element_type=\"widget\" data-e-type=\"widget\" data-widget_type=\"text-editor.default\">\n\t\t\t\t<div class=\"elementor-widget-container\">\n\t\t\t\t\t\t\t\t\t<table class=\"taula enllacable\" border=\"0\" cellspacing=\"0\" cellpadding=\"0\">\n<thead>\n<tr>\n<th>CONCEPT<\/th>\n<th>EUR<\/th>\n<\/tr>\n<\/thead>\n<tbody>\n<tr>\n<td>TARIF 1 (p\u00e9riode diurne de 8h \u00e0 20h en semaine) : Descente du drapeau<\/td>\n<td>3,40<\/td>\n<\/tr>\n<tr>\n<td>TARIF 1 (p\u00e9riode diurne de 8h \u00e0 20h en semaine) : Km parcouru<\/td>\n<td>1,50<\/td>\n<\/tr>\n<tr>\n<td>TARIF 1 (p\u00e9riode diurne de 8h \u00e0 20h en semaine) : D\u00e9lai d&rsquo;attente<\/td>\n<td>21h45.<\/td>\n<\/tr>\n<tr>\n<td>TARIF 2 (p\u00e9riode de nuit de 20h \u00e0 8h les samedis et jours f\u00e9ri\u00e9s) : Descente du drapeau<\/td>\n<td>16h30<\/td>\n<\/tr>\n<tr>\n<td>TARIF 2 (p\u00e9riode de nuit de 20h \u00e0 8h les samedis et jours f\u00e9ri\u00e9s) : Km parcours<\/td>\n<td>1,85<\/td>\n<\/tr>\n<tr>\n<td>TARIF 2 (p\u00e9riode de nuit de 20h \u00e0 8h les samedis et jours f\u00e9ri\u00e9s) : D\u00e9lai d&rsquo;attente<\/td>\n<td>26,85<\/td>\n<\/tr>\n<tr>\n<td>SUPPL\u00c9MENT : Valises<\/td>\n<td>1.05<\/td>\n<\/tr>\n<tr>\n<td>SUPPL\u00c9MENT : Animaux domestiques<\/td>\n<td>2,35<\/td>\n<\/tr>\n<tr>\n<td>SUPPL\u00c9MENT : Avis t\u00e9l\u00e9phonique<\/td>\n<td>1.05<\/td>\n<\/tr>\n<tr>\n<td>SUPPL\u00c9MENT : V\u00e9hicules de 7 places ou plus avec plus de 4 passagers<\/td>\n<td>4,55<\/td>\n<\/tr>\n<tr>\n<td>SUPPL\u00c9MENT : Nuits sp\u00e9ciales<\/td>\n<td>3,50<\/td>\n<\/tr>\n<tr>\n<td>SUPPL\u00c9MENT : Tarif minimum pour service radio\/application concert\u00e9<\/td>\n<td>7,40<\/td>\n<\/tr>\n<\/tbody>\n<\/table>\n\t\t\t\t\t\t\t\t<\/div>\n\t\t\t\t<\/div>\n\t\t\t\t\t<\/div>\n\t\t\t\t<\/div>\n\t\t\t\t<\/div>\n\t\t","protected":false},"excerpt":{"rendered":"<p>Taxi \u00e0 Vilanova STATIONS OFFICIELLES DE TAXI \u00c0 VILANOVA Vous pouvez prendre un taxi aux arr\u00eats suivants : Camping Vilanova Park : BV-2115, s\/n Station : Pla\u00e7a d&rsquo;Eduard Maristany, s\/n H\u00f4pital : Ronda Ib\u00e9rica, 123 H\u00f4pital &#8211; Plateforme Multiservice : Carrer de Sant Josep, 16-22 Tribunaux : Carrer de l&rsquo;Abat Escarr\u00e9, 2 Passeig del Carme [&hellip;]<\/p>\n","protected":false},"author":1,"featured_media":0,"parent":0,"menu_order":0,"comment_status":"closed","ping_status":"closed","template":"elementor_header_footer","meta":{"footnotes":""},"class_list":["post-1188","page","type-page","status-publish","hentry"],"_links":{"self":[{"href":"https:\/\/taxipererovira.com\/fr\/wp-json\/wp\/v2\/pages\/1188","targetHints":{"allow":["GET"]}}],"collection":[{"href":"https:\/\/taxipererovira.com\/fr\/wp-json\/wp\/v2\/pages"}],"about":[{"href":"https:\/\/taxipererovira.com\/fr\/wp-json\/wp\/v2\/types\/page"}],"author":[{"embeddable":true,"href":"https:\/\/taxipererovira.com\/fr\/wp-json\/wp\/v2\/users\/1"}],"replies":[{"embeddable":true,"href":"https:\/\/taxipererovira.com\/fr\/wp-json\/wp\/v2\/comments?post=1188"}],"version-history":[{"count":1,"href":"https:\/\/taxipererovira.com\/fr\/wp-json\/wp\/v2\/pages\/1188\/revisions"}],"predecessor-version":[{"id":1191,"href":"https:\/\/taxipererovira.com\/fr\/wp-json\/wp\/v2\/pages\/1188\/revisions\/1191"}],"wp:attachment":[{"href":"https:\/\/taxipererovira.com\/fr\/wp-json\/wp\/v2\/media?parent=1188"}],"curies":[{"name":"wp","href":"https:\/\/api.w.org\/{rel}","templated":true}]}}