{"id":2781,"date":"2025-05-07T11:14:06","date_gmt":"2025-05-07T09:14:06","guid":{"rendered":"https:\/\/taxipererovira.com\/?page_id=2781"},"modified":"2025-05-07T11:14:06","modified_gmt":"2025-05-07T09:14:06","slug":"les-taux-3","status":"publish","type":"page","link":"https:\/\/taxipererovira.com\/fr\/les-taux-3\/","title":{"rendered":"Les taux"},"content":{"rendered":"\t\t<div data-elementor-type=\"wp-page\" data-elementor-id=\"2781\" class=\"elementor elementor-2781 elementor-2779\" data-elementor-post-type=\"page\">\n\t\t\t\t<div class=\"elementor-element elementor-element-35d52562 e-flex e-con-boxed e-con e-parent\" data-id=\"35d52562\" data-element_type=\"container\" data-e-type=\"container\" data-settings=\"{&quot;background_background&quot;:&quot;classic&quot;}\">\n\t\t\t\t\t<div class=\"e-con-inner\">\n\t\t\t\t<div class=\"elementor-element elementor-element-4dc34ee elementor-widget elementor-widget-heading\" data-id=\"4dc34ee\" data-element_type=\"widget\" data-e-type=\"widget\" data-widget_type=\"heading.default\">\n\t\t\t\t<div class=\"elementor-widget-container\">\n\t\t\t\t\t<h2 class=\"elementor-heading-title elementor-size-default\">Tarifs des taxis Vilanova (avec TVA incluse)<\/h2>\t\t\t\t<\/div>\n\t\t\t\t<\/div>\n\t\t\t\t\t<\/div>\n\t\t\t\t<\/div>\n\t\t<div class=\"elementor-element elementor-element-8e64cad e-flex e-con-boxed e-con e-parent\" data-id=\"8e64cad\" data-element_type=\"container\" data-e-type=\"container\">\n\t\t\t\t\t<div class=\"e-con-inner\">\n\t\t\t\t<div class=\"elementor-element elementor-element-c5996bb elementor-widget elementor-widget-spacer\" data-id=\"c5996bb\" data-element_type=\"widget\" data-e-type=\"widget\" data-widget_type=\"spacer.default\">\n\t\t\t\t<div class=\"elementor-widget-container\">\n\t\t\t\t\t\t\t<div class=\"elementor-spacer\">\n\t\t\t<div class=\"elementor-spacer-inner\"><\/div>\n\t\t<\/div>\n\t\t\t\t\t\t<\/div>\n\t\t\t\t<\/div>\n\t\t\t\t\t<\/div>\n\t\t\t\t<\/div>\n\t\t\t\t<section class=\"elementor-section elementor-top-section elementor-element elementor-element-5dc6f280 elementor-section-boxed elementor-section-height-default elementor-section-height-default\" data-id=\"5dc6f280\" data-element_type=\"section\" data-e-type=\"section\">\n\t\t\t\t\t\t<div class=\"elementor-container elementor-column-gap-default\">\n\t\t\t\t\t<div class=\"elementor-column elementor-col-100 elementor-top-column elementor-element elementor-element-2759efae\" data-id=\"2759efae\" data-element_type=\"column\" data-e-type=\"column\">\n\t\t\t<div class=\"elementor-widget-wrap elementor-element-populated\">\n\t\t\t\t\t\t<div class=\"elementor-element elementor-element-1e8c7169 elementor-widget elementor-widget-text-editor\" data-id=\"1e8c7169\" data-element_type=\"widget\" data-e-type=\"widget\" data-widget_type=\"text-editor.default\">\n\t\t\t\t<div class=\"elementor-widget-container\">\n\t\t\t\t\t\t\t\t\tA la nostra p\u00e0gina web utilitzem cookies per oferir-te una millor experi\u00e8ncia de navegaci\u00f3 i millorar els nostres serveis. A continuaci\u00f3, t&rsquo;expliquem qu\u00e8 s\u00f3n les galetes, quin tipus utilitzem i com les pots gestionar.\t\t\t\t\t\t\t\t<\/div>\n\t\t\t\t<\/div>\n\t\t\t\t<div class=\"elementor-element elementor-element-11c6be0a elementor-widget elementor-widget-heading\" data-id=\"11c6be0a\" data-element_type=\"widget\" data-e-type=\"widget\" data-widget_type=\"heading.default\">\n\t\t\t\t<div class=\"elementor-widget-container\">\n\t\t\t\t\t<h4 class=\"elementor-heading-title elementor-size-default\">Qu\u00e8 s\u00f3n les galetes?\n<\/h4>\t\t\t\t<\/div>\n\t\t\t\t<\/div>\n\t\t\t\t<div class=\"elementor-element elementor-element-1000f81d elementor-widget elementor-widget-text-editor\" data-id=\"1000f81d\" data-element_type=\"widget\" data-e-type=\"widget\" data-widget_type=\"text-editor.default\">\n\t\t\t\t<div class=\"elementor-widget-container\">\n\t\t\t\t\t\t\t\t\tLes cookies s\u00f3n petits arxius de text que s&#8217;emmagatzemen al dispositiu quan visites una p\u00e0gina web. Aquestes permeten que el lloc recordi informaci\u00f3 sobre la vostra visita, com les vostres prefer\u00e8ncies i configuracions, amb l&rsquo;objectiu de millorar la vostra experi\u00e8ncia de navegaci\u00f3.\t\t\t\t\t\t\t\t<\/div>\n\t\t\t\t<\/div>\n\t\t\t\t<div class=\"elementor-element elementor-element-5ef0c1c9 elementor-widget elementor-widget-heading\" data-id=\"5ef0c1c9\" data-element_type=\"widget\" data-e-type=\"widget\" data-widget_type=\"heading.default\">\n\t\t\t\t<div class=\"elementor-widget-container\">\n\t\t\t\t\t<h4 class=\"elementor-heading-title elementor-size-default\">Quines galetes utilitzem en aquest lloc?\n<\/h4>\t\t\t\t<\/div>\n\t\t\t\t<\/div>\n\t\t\t\t<div class=\"elementor-element elementor-element-5addd86 elementor-widget elementor-widget-text-editor\" data-id=\"5addd86\" data-element_type=\"widget\" data-e-type=\"widget\" data-widget_type=\"text-editor.default\">\n\t\t\t\t<div class=\"elementor-widget-container\">\n\t\t\t\t\t\t\t\t\t<p>Al nostre lloc web nom\u00e9s utilitzem galetes d&rsquo;an\u00e0lisi proporcionades per <strong>Google Analytics<\/strong>. Aquestes galetes ens ajuden a recopilar informaci\u00f3 sobre com els usuaris interactuen amb la nostra p\u00e0gina, com les p\u00e0gines que visiten, el temps que romanen al lloc i les accions que realitzen. Aquesta informaci\u00f3 \u00e9s completament an\u00f2nima i nom\u00e9s s&rsquo;utilitza amb finalitats estad\u00edstiques per millorar els nostres serveis i l&rsquo;experi\u00e8ncia dels usuaris.<\/p>\t\t\t\t\t\t\t\t<\/div>\n\t\t\t\t<\/div>\n\t\t\t\t<div class=\"elementor-element elementor-element-dd000eb elementor-widget elementor-widget-heading\" data-id=\"dd000eb\" data-element_type=\"widget\" data-e-type=\"widget\" data-widget_type=\"heading.default\">\n\t\t\t\t<div class=\"elementor-widget-container\">\n\t\t\t\t\t<h4 class=\"elementor-heading-title elementor-size-default\">Com pots gestionar les galetes?\n<\/h4>\t\t\t\t<\/div>\n\t\t\t\t<\/div>\n\t\t\t\t<div class=\"elementor-element elementor-element-29306bd0 elementor-widget elementor-widget-text-editor\" data-id=\"29306bd0\" data-element_type=\"widget\" data-e-type=\"widget\" data-widget_type=\"text-editor.default\">\n\t\t\t\t<div class=\"elementor-widget-container\">\n\t\t\t\t\t\t\t\t\t<p>Pots permetre, bloquejar o eliminar les cookies instal\u00b7lades al dispositiu des de la configuraci\u00f3 del teu navegador. A continuaci\u00f3, et deixem enlla\u00e7os a les guies de configuraci\u00f3 dels navegadors m\u00e9s comuns:<\/p>\n<ul>\n<li>Google Chrome<\/li>\n<li><a href=\"https:\/\/support.mozilla.org\/es\/kb\/habilitar-y-deshabilitar-cookies-sitios-web-rastrear-preferencias\" target=\"_blank\" rel=\"noopener\"><span style=\"font-weight: 400;\">Mozilla Firefox<\/span><\/a><\/li>\n<li><a href=\"https:\/\/support.microsoft.com\/es-es\/microsoft-edge\/eliminar-cookies-en-microsoft-edge-63947406-40ac-c3b8-57b9-2a946a29ae09\" target=\"_blank\" rel=\"noopener\"><span style=\"font-weight: 400;\">Microsoft Edge<\/span><\/a><\/li>\n<li><a href=\"https:\/\/support.apple.com\/es-es\/guide\/safari\/sfri11471\/mac\" target=\"_blank\" rel=\"noopener\">Safari<\/a><\/li>\n<\/ul>\t\t\t\t\t\t\t\t<\/div>\n\t\t\t\t<\/div>\n\t\t\t\t<div class=\"elementor-element elementor-element-5181a84e elementor-widget elementor-widget-heading\" data-id=\"5181a84e\" data-element_type=\"widget\" data-e-type=\"widget\" data-widget_type=\"heading.default\">\n\t\t\t\t<div class=\"elementor-widget-container\">\n\t\t\t\t\t<h4 class=\"elementor-heading-title elementor-size-default\">M\u00e9s informaci\u00f3\n<\/h4>\t\t\t\t<\/div>\n\t\t\t\t<\/div>\n\t\t\t\t<div class=\"elementor-element elementor-element-10d75fa4 elementor-widget elementor-widget-text-editor\" data-id=\"10d75fa4\" data-element_type=\"widget\" data-e-type=\"widget\" data-widget_type=\"text-editor.default\">\n\t\t\t\t<div class=\"elementor-widget-container\">\n\t\t\t\t\t\t\t\t\t<p>Per obtenir m\u00e9s informaci\u00f3 sobre com Google Analytics utilitza les galetes i com processa les dades, podeu consultar la vostra Pol\u00edtica de Privadesa.<br \/>Si tens alguna pregunta o inquietud sobre la nostra pol\u00edtica de galetes, no dubtis en contactar-nos a trav\u00e9s del nostre formulari de contacte.<\/p>\t\t\t\t\t\t\t\t<\/div>\n\t\t\t\t<\/div>\n\t\t\t\t\t<\/div>\n\t\t<\/div>\n\t\t\t\t\t<\/div>\n\t\t<\/section>\n\t\t\t\t<\/div>\n\t\t","protected":false},"excerpt":{"rendered":"<p>Tarifs des taxis Vilanova (avec TVA incluse) A la nostra p\u00e0gina web utilitzem cookies per oferir-te una millor experi\u00e8ncia de navegaci\u00f3 i millorar els nostres serveis. A continuaci\u00f3, t&rsquo;expliquem qu\u00e8 s\u00f3n les galetes, quin tipus utilitzem i com les pots gestionar. Qu\u00e8 s\u00f3n les galetes? Les cookies s\u00f3n petits arxius de text que s&#8217;emmagatzemen al [&hellip;]<\/p>\n","protected":false},"author":1,"featured_media":0,"parent":0,"menu_order":0,"comment_status":"closed","ping_status":"closed","template":"elementor_header_footer","meta":{"footnotes":""},"class_list":["post-2781","page","type-page","status-publish","hentry"],"_links":{"self":[{"href":"https:\/\/taxipererovira.com\/fr\/wp-json\/wp\/v2\/pages\/2781","targetHints":{"allow":["GET"]}}],"collection":[{"href":"https:\/\/taxipererovira.com\/fr\/wp-json\/wp\/v2\/pages"}],"about":[{"href":"https:\/\/taxipererovira.com\/fr\/wp-json\/wp\/v2\/types\/page"}],"author":[{"embeddable":true,"href":"https:\/\/taxipererovira.com\/fr\/wp-json\/wp\/v2\/users\/1"}],"replies":[{"embeddable":true,"href":"https:\/\/taxipererovira.com\/fr\/wp-json\/wp\/v2\/comments?post=2781"}],"version-history":[{"count":1,"href":"https:\/\/taxipererovira.com\/fr\/wp-json\/wp\/v2\/pages\/2781\/revisions"}],"predecessor-version":[{"id":2785,"href":"https:\/\/taxipererovira.com\/fr\/wp-json\/wp\/v2\/pages\/2781\/revisions\/2785"}],"wp:attachment":[{"href":"https:\/\/taxipererovira.com\/fr\/wp-json\/wp\/v2\/media?parent=2781"}],"curies":[{"name":"wp","href":"https:\/\/api.w.org\/{rel}","templated":true}]}}